{"id":1018,"date":"2022-10-04T21:05:17","date_gmt":"2022-10-04T21:05:17","guid":{"rendered":"https:\/\/avadawebsites.wpengine.com\/business\/?page_id=1018"},"modified":"2025-04-06T11:41:39","modified_gmt":"2025-04-06T11:41:39","slug":"produse","status":"publish","type":"page","link":"https:\/\/brasting.ro\/index.php\/produse\/","title":{"rendered":"Produse"},"content":{"rendered":"<div class=\"fusion-fullwidth fullwidth-box fusion-builder-row-1 fusion-flex-container has-pattern-background has-mask-background nonhundred-percent-fullwidth non-hundred-percent-height-scrolling\" style=\"--awb-border-radius-top-left:0px;--awb-border-radius-top-right:0px;--awb-border-radius-bottom-right:0px;--awb-border-radius-bottom-left:0px;--awb-flex-wrap:wrap;\" ><div class=\"fusion-builder-row fusion-row fusion-flex-align-items-stretch fusion-flex-justify-content-center fusion-flex-content-wrap\" style=\"max-width:1372.8px;margin-left: calc(-4% \/ 2 );margin-right: calc(-4% \/ 2 );\"><div class=\"fusion-layout-column fusion_builder_column fusion-builder-column-0 fusion_builder_column_3_4 3_4 fusion-flex-column\" style=\"--awb-bg-size:cover;--awb-width-large:75%;--awb-margin-top-large:0px;--awb-spacing-right-large:2.56%;--awb-margin-bottom-large:20px;--awb-spacing-left-large:2.56%;--awb-width-medium:75%;--awb-order-medium:0;--awb-spacing-right-medium:2.56%;--awb-spacing-left-medium:2.56%;--awb-width-small:100%;--awb-order-small:0;--awb-spacing-right-small:1.92%;--awb-spacing-left-small:1.92%;\" data-scroll-devices=\"small-visibility,medium-visibility,large-visibility\"><div class=\"fusion-column-wrapper fusion-column-has-shadow fusion-flex-justify-content-flex-start fusion-content-layout-column\"><nav class=\"fusion-breadcrumbs fusion-breadcrumbs-1\" style=\"--awb-font-size:18px;--awb-breadcrumb-sep:&#039;\/&#039;;\" aria-label=\"Breadcrumb\"><ol class=\"awb-breadcrumb-list\"><li class=\"fusion-breadcrumb-item awb-breadcrumb-sep\" ><a href=\"https:\/\/brasting.ro\" class=\"fusion-breadcrumb-link\"><span >Home<\/span><\/a><\/li><\/ol><\/nav><div class=\"fusion-text fusion-text-1\" style=\"--awb-margin-top:30px;\"><p>Oferim sting\u0103toare care con\u021bin pulbere, spum\u0103 mecanic\u0103, bioxid de carbon. Distribuim echipamente pentru stingerea incendiilor, furtunuri de refulare de toate tipurile \u0219i accesorii PSI, hidran\u021bi de incendiu de toate tipurile, alte echipamente, materiale \u0219i accesorii destinate prevenirii \u0219i stingerii incendiilor.<\/p>\n<p>Societatea noastr\u0103 se axeaz\u0103 permanent pe punerea \u00een aplicare a unui management al calit\u0103\u021bii at\u00e2t \u00een ceea ce prive\u0219te serviciile de distribu\u021bie a echipamentelor PSI, c\u00e2t \u0219i \u00een men\u021binerea unei rela\u021bii bazate pe \u00eencredere \u0219i respect. Astfel ne asigur\u0103m c\u0103 cei care se decid s\u0103 utilizeze echipamentele noastre vor avea parte de o calitate \u00eenalt\u0103, protej\u00e2ndu-\u0219i \u00een permanen\u021b\u0103 oamenii \u0219i bunurile.<\/p>\n<\/div><\/div><\/div><div class=\"fusion-layout-column fusion_builder_column fusion-builder-column-1 fusion_builder_column_1_3 1_3 fusion-flex-column fusion-flex-align-self-stretch fusion-column-inner-bg-wrapper\" style=\"--awb-padding-top:30px;--awb-padding-right:40px;--awb-padding-bottom:30px;--awb-padding-left:40px;--awb-overflow:hidden;--awb-inner-bg-size:cover;--awb-box-shadow:2px 2px 40px 0px #e5e5e5;;--awb-border-color:var(--awb-color5);--awb-border-bottom:5px;--awb-border-style:solid;--awb-border-radius:10px 10px 10px 10px;--awb-inner-bg-border-radius:10px 10px 10px 10px;--awb-inner-bg-overflow:hidden;--awb-width-large:33.333333333333%;--awb-margin-top-large:0px;--awb-spacing-right-large:5.76%;--awb-margin-bottom-large:20px;--awb-spacing-left-large:5.76%;--awb-width-medium:33.333333333333%;--awb-order-medium:0;--awb-spacing-right-medium:5.76%;--awb-spacing-left-medium:5.76%;--awb-width-small:100%;--awb-order-small:0;--awb-spacing-right-small:1.92%;--awb-spacing-left-small:1.92%;\" data-scroll-devices=\"small-visibility,medium-visibility,large-visibility\"><span class=\"fusion-column-inner-bg hover-type-none\"><a class=\"fusion-column-anchor\" href=\"http:\/\/brasting.ro\/index.php\/produse\/stingatoare-piese\/\"><span class=\"fusion-column-inner-bg-image\"><\/span><\/a><\/span><div class=\"fusion-column-wrapper fusion-column-has-shadow fusion-flex-justify-content-flex-start fusion-content-layout-column\"><div class=\"fusion-image-element \" style=\"text-align:center;--awb-caption-title-font-family:var(--h2_typography-font-family);--awb-caption-title-font-weight:var(--h2_typography-font-weight);--awb-caption-title-font-style:var(--h2_typography-font-style);--awb-caption-title-size:var(--h2_typography-font-size);--awb-caption-title-transform:var(--h2_typography-text-transform);--awb-caption-title-line-height:var(--h2_typography-line-height);--awb-caption-title-letter-spacing:var(--h2_typography-letter-spacing);\"><span class=\" fusion-imageframe imageframe-none imageframe-1 hover-type-none\"><img decoding=\"async\" width=\"360\" height=\"360\" title=\"stingatoare-cu-pulbere\" src=\"https:\/\/brasting.ro\/wp-content\/uploads\/2024\/10\/stingatoare-cu-pulbere.jpg\" data-orig-src=\"http:\/\/brasting.ro\/wp-content\/uploads\/2024\/10\/stingatoare-cu-pulbere.jpg\" alt class=\"lazyload img-responsive wp-image-3640\" srcset=\"data:image\/svg+xml,%3Csvg%20xmlns%3D%27http%3A%2F%2Fwww.w3.org%2F2000%2Fsvg%27%20width%3D%27360%27%20height%3D%27360%27%20viewBox%3D%270%200%20360%20360%27%3E%3Crect%20width%3D%27360%27%20height%3D%27360%27%20fill-opacity%3D%220%22%2F%3E%3C%2Fsvg%3E\" data-srcset=\"https:\/\/brasting.ro\/wp-content\/uploads\/2024\/10\/stingatoare-cu-pulbere-200x200.jpg 200w, https:\/\/brasting.ro\/wp-content\/uploads\/2024\/10\/stingatoare-cu-pulbere.jpg 360w\" data-sizes=\"auto\" data-orig-sizes=\"(max-width: 850px) 100vw, 360px\" \/><\/span><\/div><div class=\"fusion-title title fusion-title-1 fusion-sep-none fusion-title-center fusion-title-text fusion-title-size-four\"><h4 class=\"fusion-title-heading title-heading-center\" style=\"margin:0;text-transform:none;\"><p>Sting\u0103toare,<br \/>\nPiese<\/p><\/h4><\/div><\/div><\/div><div class=\"fusion-layout-column fusion_builder_column fusion-builder-column-2 fusion_builder_column_1_3 1_3 fusion-flex-column fusion-flex-align-self-stretch fusion-column-inner-bg-wrapper\" style=\"--awb-padding-top:30px;--awb-padding-right:40px;--awb-padding-bottom:30px;--awb-padding-left:40px;--awb-overflow:hidden;--awb-inner-bg-size:cover;--awb-box-shadow:2px 2px 40px 0px #e5e5e5;;--awb-border-color:var(--awb-color5);--awb-border-bottom:5px;--awb-border-style:solid;--awb-border-radius:10px 10px 10px 10px;--awb-inner-bg-border-radius:10px 10px 10px 10px;--awb-inner-bg-overflow:hidden;--awb-width-large:33.333333333333%;--awb-margin-top-large:0px;--awb-spacing-right-large:5.76%;--awb-margin-bottom-large:20px;--awb-spacing-left-large:5.76%;--awb-width-medium:33.333333333333%;--awb-order-medium:0;--awb-spacing-right-medium:5.76%;--awb-spacing-left-medium:5.76%;--awb-width-small:100%;--awb-order-small:0;--awb-spacing-right-small:1.92%;--awb-spacing-left-small:1.92%;\" data-scroll-devices=\"small-visibility,medium-visibility,large-visibility\"><span class=\"fusion-column-inner-bg hover-type-none\"><a class=\"fusion-column-anchor\" href=\"http:\/\/brasting.ro\/index.php\/produse\/accesorii\/\"><span class=\"fusion-column-inner-bg-image\"><\/span><\/a><\/span><div class=\"fusion-column-wrapper fusion-column-has-shadow fusion-flex-justify-content-flex-start fusion-content-layout-column\"><div class=\"fusion-image-element \" style=\"text-align:center;--awb-caption-title-font-family:var(--h2_typography-font-family);--awb-caption-title-font-weight:var(--h2_typography-font-weight);--awb-caption-title-font-style:var(--h2_typography-font-style);--awb-caption-title-size:var(--h2_typography-font-size);--awb-caption-title-transform:var(--h2_typography-text-transform);--awb-caption-title-line-height:var(--h2_typography-line-height);--awb-caption-title-letter-spacing:var(--h2_typography-letter-spacing);\"><span class=\" fusion-imageframe imageframe-none imageframe-2 hover-type-none\"><img decoding=\"async\" width=\"360\" height=\"360\" title=\"furtun_A15_bar_Korus\" src=\"https:\/\/brasting.ro\/wp-content\/uploads\/2024\/09\/furtun_A15_bar_Korus.jpg\" data-orig-src=\"http:\/\/brasting.ro\/wp-content\/uploads\/2024\/09\/furtun_A15_bar_Korus.jpg\" alt class=\"lazyload img-responsive wp-image-3567\" srcset=\"data:image\/svg+xml,%3Csvg%20xmlns%3D%27http%3A%2F%2Fwww.w3.org%2F2000%2Fsvg%27%20width%3D%27360%27%20height%3D%27360%27%20viewBox%3D%270%200%20360%20360%27%3E%3Crect%20width%3D%27360%27%20height%3D%27360%27%20fill-opacity%3D%220%22%2F%3E%3C%2Fsvg%3E\" data-srcset=\"https:\/\/brasting.ro\/wp-content\/uploads\/2024\/09\/furtun_A15_bar_Korus-200x200.jpg 200w, https:\/\/brasting.ro\/wp-content\/uploads\/2024\/09\/furtun_A15_bar_Korus.jpg 360w\" data-sizes=\"auto\" data-orig-sizes=\"(max-width: 850px) 100vw, 360px\" \/><\/span><\/div><div class=\"fusion-title title fusion-title-2 fusion-sep-none fusion-title-center fusion-title-text fusion-title-size-four\"><h4 class=\"fusion-title-heading title-heading-center\" style=\"margin:0;text-transform:none;\">Accesorii<\/h4><\/div><\/div><\/div><\/div><\/div>\n","protected":false},"excerpt":{"rendered":"","protected":false},"author":1,"featured_media":0,"parent":0,"menu_order":0,"comment_status":"closed","ping_status":"closed","template":"100-width.php","meta":{"_acf_changed":false,"footnotes":""},"class_list":["post-1018","page","type-page","status-publish","hentry"],"acf":[],"_links":{"self":[{"href":"https:\/\/brasting.ro\/index.php\/wp-json\/wp\/v2\/pages\/1018","targetHints":{"allow":["GET"]}}],"collection":[{"href":"https:\/\/brasting.ro\/index.php\/wp-json\/wp\/v2\/pages"}],"about":[{"href":"https:\/\/brasting.ro\/index.php\/wp-json\/wp\/v2\/types\/page"}],"author":[{"embeddable":true,"href":"https:\/\/brasting.ro\/index.php\/wp-json\/wp\/v2\/users\/1"}],"replies":[{"embeddable":true,"href":"https:\/\/brasting.ro\/index.php\/wp-json\/wp\/v2\/comments?post=1018"}],"version-history":[{"count":0,"href":"https:\/\/brasting.ro\/index.php\/wp-json\/wp\/v2\/pages\/1018\/revisions"}],"wp:attachment":[{"href":"https:\/\/brasting.ro\/index.php\/wp-json\/wp\/v2\/media?parent=1018"}],"curies":[{"name":"wp","href":"https:\/\/api.w.org\/{rel}","templated":true}]}}