{"id":3,"date":"2024-08-22T13:32:17","date_gmt":"2024-08-22T13:32:17","guid":{"rendered":"http:\/\/brasting.ro\/?page_id=3"},"modified":"2024-09-13T09:24:06","modified_gmt":"2024-09-13T09:24:06","slug":"politica-de-confidentialitate","status":"publish","type":"page","link":"http:\/\/brasting.ro\/index.php\/politica-de-confidentialitate\/","title":{"rendered":"Politica de confiden\u021bialitate"},"content":{"rendered":"<div class=\"fusion-fullwidth fullwidth-box fusion-builder-row-1 fusion-flex-container has-pattern-background has-mask-background nonhundred-percent-fullwidth non-hundred-percent-height-scrolling\" style=\"--awb-border-radius-top-left:0px;--awb-border-radius-top-right:0px;--awb-border-radius-bottom-right:0px;--awb-border-radius-bottom-left:0px;--awb-flex-wrap:wrap;\" ><div class=\"fusion-builder-row fusion-row fusion-flex-align-items-stretch fusion-flex-content-wrap\" style=\"max-width:1372.8px;margin-left: calc(-4% \/ 2 );margin-right: calc(-4% \/ 2 );\"><div class=\"fusion-layout-column fusion_builder_column fusion-builder-column-0 fusion_builder_column_1_2 1_2 fusion-flex-column\" style=\"--awb-padding-top:30px;--awb-padding-right:40px;--awb-padding-bottom:30px;--awb-padding-left:40px;--awb-overflow:hidden;--awb-bg-size:cover;--awb-box-shadow:2px 2px 40px 0px #e5e5e5;;--awb-border-radius:0px 0px 0px 50px;--awb-width-large:50%;--awb-margin-top-large:0px;--awb-spacing-right-large:3.84%;--awb-margin-bottom-large:0px;--awb-spacing-left-large:3.84%;--awb-width-medium:50%;--awb-order-medium:0;--awb-spacing-right-medium:3.84%;--awb-spacing-left-medium:3.84%;--awb-width-small:100%;--awb-order-small:0;--awb-spacing-right-small:1.92%;--awb-spacing-left-small:1.92%;\" data-scroll-devices=\"small-visibility,medium-visibility,large-visibility\"><div class=\"fusion-column-wrapper fusion-column-has-shadow fusion-flex-justify-content-flex-start fusion-content-layout-column\"><ul style=\"--awb-margin-top:0px;--awb-item-padding-top:10px;--awb-item-padding-right:30px;--awb-item-padding-bottom:10px;--awb-item-padding-left:20px;--awb-even-row-bgcolor:var(--awb-color2);--awb-iconcolor:var(--awb-color5);--awb-line-height:27.2px;--awb-icon-width:27.2px;--awb-icon-height:27.2px;--awb-icon-margin:11.2px;--awb-content-margin:38.4px;\" class=\"fusion-checklist fusion-checklist-1 type-icons\"><li class=\"fusion-li-item\" style=\"\"><span class=\"icon-wrapper circle-no\"><i class=\"fusion-li-icon awb-business-long-arrow-alt-right-solid\" aria-hidden=\"true\"><\/i><\/span><div class=\"fusion-li-item-content\">\n<p>Conform cerintelor<strong> Legii nr. 677\/2001<\/strong> pentru protectia persoanelor cu privire la prelucrarea datelor cu caracter personal si libera circulatie a acestor date, modificata si completata ulterior, SC BRASTING SRL are obligatia de a administra in conditii de siguranta si numai pentru scopurile specificate, datele personale pe care ni le furnizati despre dumneavoastra, un membru al familiei dumneavoastra ori o alta persoana. Va oferim in continuare detalii despre modul in care colectam si operam cu datele tale personale ale vizitatorilor si clientilor nostri, si despre cum acestia pot interveni asupra acestor operatiuni. Daca, dupa ce cititi explicatiile de mai jos aveti nevoie de mai multe lamuriri sau ai intrebari, va rugam sa ne scrieti la brasting@brasting.ro si va vom transmite un raspuns documentat cat de curand posibil, fara intarzaieri nejustificate. Pentru a directiona mailul tau in mod corect, te rugam sa scrii \u201cGDPR\u201d in subiectul respectivului mesaj.<\/p>\n<\/div><\/li><li class=\"fusion-li-item\" style=\"\"><span class=\"icon-wrapper circle-no\"><i class=\"fusion-li-icon awb-business-long-arrow-alt-right-solid\" aria-hidden=\"true\"><\/i><\/span><div class=\"fusion-li-item-content\">\n<p>Retragerea consimtamantului de prelucrare a datelor personale: In cazul in care un client care si-a dat initial acceptul de prelucrare a datelor doreste sa isi retraga acest acord, poate face acest lucru prin trimiterea unui mesaj la adresa brasting@brasting.ro prin care sa ne anunte referitor la stergerea datelor. Mesajul trebuie trimis de pe adresa de email cu care a fost creata comanda pentru care se retrage agrementul de prelucrare. Operatorii <strong>www.brasting.ro<\/strong> vor face modificarile cerute cat de curand posibil si fara intarzaieri nejustificate. In cazul retragerii acordului de prelucrare, datele inregistrate in comanda respectiva nu vor mai fi vizibile operatorilor www.brasting.ro si acestia, evident, nu vor mai putea oferi nici o informatie legata de datele personale. Dreptul unui client de a fi uitat: In cazul in care un client doreste sa isi stearga toate datele personale din baza de date stingatoare-brasting.ro, este rugat sa trimita un mesaj la <strong>brasting@brasting.ro<\/strong> cu subiect \u201cGDPR \u2013 stergere comanda\u201d si continut: \u201cSolicit stergerea comenzilor si datelor personale\u201d. Mesajul trebuie trimis de pe adresa de email cu care a fost creat comanda pentru care se cere stergerea. Comanda si datele personale respective vor fi sterse din sistemele informatice cat de curand posibil si fara intarzaieri nejustificate. Daca, insa, datele respective sau o parte din ele au fost folosite in scopuri pentru care legislatia in vigoare cere pastrarea lor un anumit interval de timp, datele cerute de lege vor fi pastrate conform temeiului legal si sterse dupa incheierea perioadei legale (de exemplu datele folosite pentru facturare, unde exista obligatia legala de a fi pastrate 10 ani conform Ordinului Ministerului Finantelor publice 2634\/2015, Anexa 1, C. pct.38). Accesul la aceste date va fi permis numai operatorilor care au dreptul de a prelucra datele respective, conform legislatiei in vigoare.<\/p>\n<\/div><\/li><li class=\"fusion-li-item\" style=\"\"><span class=\"icon-wrapper circle-no\"><i class=\"fusion-li-icon awb-business-long-arrow-alt-right-solid\" aria-hidden=\"true\"><\/i><\/span><div class=\"fusion-li-item-content\">Transmiterea datelor personale catre terti.<br \/>\n\u201eTertii\u201d sunt entitati diferite de SC BRASTING SRL cu care interactionam. SC BRASTING SRL nu va transmite datele personale ale clientilor sai decat acelor entitati care sunt absolut necesare pentru indeplinirea pentru derularea contractului sau in scopuri de advertising pentru dezvoltarea portofoliului. Datele personale pot fi transmise si autoritatilor publice daca acestea solicita acest lucru. Iata care sunt \u201etertii\u201d cu care lucram si motivele pentru care le-am putea transmite date personale: firmele de curierat care transporta comenzile plasate online pe stingatoare-brasting.ro, pentru indeplinirea obligatiei contractuala de livrare. Datele transmise curierilor sunt datele identificabile pentru derularea contractului cu exceptia adresei de email, furnizorii de servicii de marketing online (exemplu Google, Facebook) pentru advertising. Datele transmise acestor companii sunt cele care nu pot identifica punctual persoana fizice si  organele abilitate ale statului, in baza unei cereri expres formulate de acestia si in limita prevederilor legale in vigoare.<\/div><\/li><\/ul><\/div><\/div><div class=\"fusion-layout-column fusion_builder_column fusion-builder-column-1 fusion_builder_column_1_2 1_2 fusion-flex-column\" style=\"--awb-padding-top:30px;--awb-padding-right:40px;--awb-padding-bottom:30px;--awb-padding-left:40px;--awb-overflow:hidden;--awb-bg-size:cover;--awb-box-shadow:2px 2px 40px 0px #e5e5e5;;--awb-border-radius:0px 0px 0px 50px;--awb-width-large:50%;--awb-margin-top-large:0px;--awb-spacing-right-large:3.84%;--awb-margin-bottom-large:0px;--awb-spacing-left-large:3.84%;--awb-width-medium:50%;--awb-order-medium:0;--awb-spacing-right-medium:3.84%;--awb-spacing-left-medium:3.84%;--awb-width-small:100%;--awb-order-small:0;--awb-spacing-right-small:1.92%;--awb-spacing-left-small:1.92%;\" data-scroll-devices=\"small-visibility,medium-visibility,large-visibility\"><div class=\"fusion-column-wrapper fusion-column-has-shadow fusion-flex-justify-content-flex-start fusion-content-layout-column\"><ul style=\"--awb-margin-top:0px;--awb-item-padding-top:10px;--awb-item-padding-right:30px;--awb-item-padding-bottom:10px;--awb-item-padding-left:20px;--awb-even-row-bgcolor:var(--awb-color2);--awb-iconcolor:var(--awb-color5);--awb-line-height:27.2px;--awb-icon-width:27.2px;--awb-icon-height:27.2px;--awb-icon-margin:11.2px;--awb-content-margin:38.4px;\" class=\"fusion-checklist fusion-checklist-2 type-icons\"><li class=\"fusion-li-item\" style=\"\"><span class=\"icon-wrapper circle-no\"><i class=\"fusion-li-icon awb-business-long-arrow-alt-right-solid\" aria-hidden=\"true\"><\/i><\/span><div class=\"fusion-li-item-content\">\n<p>Scopul colectarii datelor este: informarea clientilor privind situatia comenzilor, lor de pe www.brasting.ro, informarea clientilor privind evolutia si starea comenzilor, evaluarea produselor si serviciilor oferite, activitati comerciale, de promovare a produselor si serviciilor, de marketing , servicii administrative, de dezvoltare, de cercetare de piata, de statistica, de urmarire si monitorizare a vanzarilor si comportamentul consumatorului. Colectam date care pot identifica exact o persoana, absolut necesare pentru plasarea unei comenzi si derularea contractului (confirmarea comenzii, facturare, livrare, garantii si service). Aceste date sunt: numele, prenumele, adresa de email, telefonul si adresele si datele de facturare \/ livrare. Aceste date vor fi completate de vizitatorul care doreste sa sa plaseze o comanda. Colectam date anonime, transmise de browserul cu care fiecare vizitator navigheaza pe <strong>www.brasting.ro<\/strong> Aceste date personale anonime se colecteaza prin fisierele de tip \u201ecookies\u201d, pe care orice site vizitat le plaseaza in browserul vizitatorului. Prin aceste date SC BRASTING SRL nu poate identifica exact persoana, dar ii sunt necesare pentru analiza si publicitate. Datele colectate prin aceste cookies sunt: adresa IP, locatia, device-ul si browser-ul de pe care se face navigarea pe site, data si ora utilizarii site-ului. Colect\u0103m \u0219i utiliz\u0103m date cu caracter personal \u00een m\u0103sura permis\u0103 prin lege sau dac\u0103 am primit consim\u021b\u0103m\u00e2ntul vizitatorului sau clientului nostru. Colectam date personale pentru analiza navigarii pe site, identificarea punctelor neclare si imbunatatirea experientei vizitatorilor stingatoare-brasting.ro. In baza acestei analize, vom face modificari pe site, vom imbunatati portofoliul, vom imbunatati targhetarea ofertelor, vom face tot posibilul ca vizitatorii sa beneficieze de cea mai buna experienta pe siteul www. brasting.ro. O parte din indicatorii monitorizati sunt analiza ratei de abandon cos, analiza paginilor de pe care cei mai multi vizitatori parasesc site-ul, analiza paginilor cele mai vizitate, conversia online. Colectam date personale in scopuri de marketing, trimiterea informarilor despre noile lansari, promotii speciale, advertising.<\/p>\n<\/div><\/li><li class=\"fusion-li-item\" style=\"\"><span class=\"icon-wrapper circle-no\"><i class=\"fusion-li-icon awb-business-long-arrow-alt-right-solid\" aria-hidden=\"true\"><\/i><\/span><div class=\"fusion-li-item-content\">Prin autentificarea in formularul de Inregistrare sau de Comanda rapida declarati ca acceptati neconditionat ca datele dvs. personale sa fie incluse in baza de date a SC BRASTING SRL si va dati acordul ca toate aceste date personale sa fie stocate, utilizate si prelucrate de catre SC BRASTING SRL in activitati de promovare a produselor si serviciilor de marketing.Prin citirea prezentelor Termene si Conditii ati luat la cunostinta faptul ca va sunt garantate drepturile prevazute de lege, respectiv dreptul de informare, dreptul de acces la date, dreptul de interventie, dreptul de opozitie, dreptul de a nu fi supus unei decizii individuale, dreptul de se adresa justitiei in caz de incalcare a drepturilor sale garantate de Legea 677\/2001 pentru protectia persoanelor cu privire la prelucrarea datelor cu caracter personal si libera circulatie a acestor date. Totodata, aveti dreptul de a va opune prelucrarii datelor dvs. personale si de a solicita stergerea totala sau partial a cestora.<\/div><\/li><li class=\"fusion-li-item\" style=\"\"><span class=\"icon-wrapper circle-no\"><i class=\"fusion-li-icon awb-business-long-arrow-alt-right-solid\" aria-hidden=\"true\"><\/i><\/span><div class=\"fusion-li-item-content\">Informatiile dumneavoastra cu caracter personal pot fi furnizate si catre Parchet, Politie, Instantele judecatoresti si altor organe abilitate ale statului, in baza si in limitele prevederilor legale si ca urmare a unor cereri expres formulate.<\/div><\/li><li class=\"fusion-li-item\" style=\"\"><span class=\"icon-wrapper circle-no\"><i class=\"fusion-li-icon awb-business-long-arrow-alt-right-solid\" aria-hidden=\"true\"><\/i><\/span><div class=\"fusion-li-item-content\">Informatiile pe care ni le furnizati vor fi utilizate in scopul pentru care le-ati furnizat, pentru a administra, a sprijini si a evalua serviciile noastre si a preintampina incalcarea securitatii, a legii si a termenilor nostri contractuali.<\/div><\/li><\/ul><\/div><\/div><\/div><\/div>\n","protected":false},"excerpt":{"rendered":"","protected":false},"author":1,"featured_media":0,"parent":0,"menu_order":0,"comment_status":"closed","ping_status":"open","template":"","meta":{"_acf_changed":false,"footnotes":""},"class_list":["post-3","page","type-page","status-publish","hentry"],"acf":[],"_links":{"self":[{"href":"http:\/\/brasting.ro\/index.php\/wp-json\/wp\/v2\/pages\/3","targetHints":{"allow":["GET"]}}],"collection":[{"href":"http:\/\/brasting.ro\/index.php\/wp-json\/wp\/v2\/pages"}],"about":[{"href":"http:\/\/brasting.ro\/index.php\/wp-json\/wp\/v2\/types\/page"}],"author":[{"embeddable":true,"href":"http:\/\/brasting.ro\/index.php\/wp-json\/wp\/v2\/users\/1"}],"replies":[{"embeddable":true,"href":"http:\/\/brasting.ro\/index.php\/wp-json\/wp\/v2\/comments?post=3"}],"version-history":[{"count":0,"href":"http:\/\/brasting.ro\/index.php\/wp-json\/wp\/v2\/pages\/3\/revisions"}],"wp:attachment":[{"href":"http:\/\/brasting.ro\/index.php\/wp-json\/wp\/v2\/media?parent=3"}],"curies":[{"name":"wp","href":"https:\/\/api.w.org\/{rel}","templated":true}]}}